{"id":26,"date":"2026-03-11T14:43:34","date_gmt":"2026-03-11T13:43:34","guid":{"rendered":"https:\/\/rezbarka.sk\/?page_id=26"},"modified":"2026-03-12T08:55:23","modified_gmt":"2026-03-12T07:55:23","slug":"vystavy","status":"publish","type":"page","link":"https:\/\/rezbarka.sk\/?page_id=26","title":{"rendered":"V\u00fdstavy a ocenenia"},"content":{"rendered":"\n<h4 class=\"wp-block-heading\"><strong><mark style=\"background-color:rgba(0, 0, 0, 0)\" class=\"has-inline-color has-black-color\">Moje diela boli prezentovan\u00e9:<\/mark><\/strong><\/h4>\n\n\n\n<p>2005 &#8211; Burza staro\u017eitnost\u00ed v \u010ce\u010dejovskom ka\u0161tieli<br>2005 &#8211; S\u00fa\u0165a\u017e Dedina roka 2005 \u2013 reprezentacia obce \u010ce\u010dejovce<br>2006 &#8211; Spolo\u010dn\u00e1 v\u00fdstava v \u010ce\u010dejovciach<br>2006 &#8211; Remeseln\u00edcky t\u00e1bor \u2013 Krasnohorsk\u00e1 Dlh\u00e1 L\u00faka<br>2007 &#8211; Mestsk\u00e9 kult\u00farne stredisko v Moldave nad Bodvou &#8211; ako hos\u0165<br>2007 &#8211; V\u00fdstava &#8211; H\u00eddv\u00e9gard\u00f3 &#8211; Ma\u010farsko<br>2007 &#8211; Kr\u00e1snohorsk\u00e1 Dlh\u00e1 L\u00faka<br>2007 &#8211; \u010ce\u010dejovsk\u00e9 dni<br>2008 &#8211; Krajsk\u00e9 osvetov\u00e9 stredisko Ko\u0161ice &#8222;D\u00e1mska jazda&#8220;<br>2008 &#8211; Infocentrum &#8222;Inkub\u00e1tor&#8220; Moldava nad Bodvou<br>2008 &#8211; Kr\u00e1snohorsk\u00e1 Dlh\u00e1 L\u00faka<br>2009 &#8211; Krajsk\u00e9 osvetov\u00e9 stredisko Ko\u0161ice &#8222;D\u00e1mska jazda&#8220;<br>2009 &#8211; Megzeh\u00e1za gal\u00e9ria Miskolc &#8211; Ma\u010farsko<br>2009 &#8211; Infocentrum Tur\u0148a nad bodvou<br>2009 &#8211; Tiszaujv\u00e1ros &#8211; V\u00e1rosi ki\u00e1l\u00edt\u00f3 terem &#8211; Ma\u010farsko<br>2009 &#8211; Medzin\u00e1rodn\u00e9 Betlehemsk\u00e9 stretnutie &#8211; Jan\u00edk<br>2010 &#8211; Krajsk\u00e9 osvetov\u00e9 stredisko Ko\u0161ice &#8222;D\u00e1mska jazda &#8222;<br>2010 &#8211; V\u00fdstava remeseln\u00edkov \u00dadolia Bodvy a Rudohoria &#8211; Kom\u00e1rovce, Encs, Pa\u0148ovce a Popro\u010d<br>2010 &#8211; Pa\u0148ovsk\u00e9 dni<br>2010 &#8211; V\u00fdstava Gemersk\u00fdch remeseln\u00edkov &#8211; Tur\u0148a nad Bodvou<br>2010 &#8211; Moldava nad Bodvou Ingocentrum &#8222;Incub\u00e1tor&#8220;<br>2010 &#8211; Budapest Ur\u00e1nia nemzeti filmsz\u00ednh\u00e1z, Ma\u010farsko<br>2010 &#8211; Samostatn\u00e1 jubilejn\u00e1 v\u00fdstava &#8211; Re\u0161ica<br>2010 &#8211; V\u00fdstava Gemersk\u00fdch remeseln\u00edkov &#8211; Kazincbarcia- Ma\u010farsko<br>2011 &#8211; Samostatn\u00e1 v\u00fdstava &#8211; S\u00e1toralja\u00fajhely, Ma\u010farsko<br>2011 &#8211; V\u00fdstava Gemersk\u00fdch remeseln\u00edkov, Budapest &#8211; Pestszentl\u0151rinc , Ma\u010farsko<br>2011 &#8211; Eur\u00f3pa za ob\u010danov, Als\u00f3ny\u00e9k, Ma\u010farsko<br>2011 &#8211; Eur\u00f3pa za ob\u010danov, Vinice<br>2011 &#8211; V\u00fdstava gemersk\u00fdch remeseln\u00edkov- Ibr\u00e1ny, Ma\u010farsko<br><\/p>\n\n\n\n<h4 class=\"wp-block-heading\"><strong>Samostatn\u00e1 v\u00fdstava<\/strong>:<\/h4>\n\n\n\n<p>2011, S\u00e1toralja\u00fajhely, Kossuth Lajos M\u0171vel\u0151d\u00e9si K\u00f6zpont Zempl\u00e9n Gal\u00e9ria &#8211; Ma\u010farsko<br>2012 &#8211; V\u00fdstava Gemersk\u00fdch remeseln\u00edkov Kisgy\u0151r &#8211; Ma\u010farsko<br>2012 &#8211; Krajsk\u00e9 osvetov\u00e9 stredisko Ko\u0161ice &#8222;D\u00e1mska jazda&#8220;<br>2012 &#8211; V\u00fdstava- Miskolc, Ma\u010farsko<br>2012 &#8211; V\u00fdstava Gemersk\u00fdch remeseln\u00edkov, T\u00e1llya &#8211; Ma\u010farsko<br>2013 &#8211; V\u00fdstava s\u00f4ch, \u010ce\u010dejovce<br>2013 &#8211; V\u00fdstava Gemersk\u00fdch remeseln\u00edkov &#8211; Miskolc, Ma\u010farsko<br>2014 &#8211; V\u00fdstava Gemersk\u00fdch remeseln\u00edkov &#8211; Moldava nad Bodvou<br>2014 &#8211; V\u00fdstava Gemersk\u00fdch remeseln\u00edkov &#8211; Kazincbarcika &#8211; Ma\u010farsko<br>2015 &#8211; Samostatn\u00e1 v\u00fdstava- Dom tradi\u010dnej kult\u00fary, Ro\u017e\u0148ava<br>2017 &#8211; Zachovanie d\u00e1vnych remesiel v krajin\u00e1ch Vy\u0161egr\u00e1dskej \u0161tvortky &#8211; v\u00fdstava Ro\u017e\u0148ava<br>2020 &#8211; Samostatn\u00e1 jubilejn\u00e1 v\u00fdstava &#8220; V dreve vyrezan\u00e9&#8220; &#8211; Atrium club , Ko\u0161ice<\/p>\n\n\n\n<h4 class=\"wp-block-heading\"><strong>Ocenenia:<\/strong><\/h4>\n\n\n\n<p>Krajsk\u00e9 osvetov\u00e9 stredisko v Ko\u0161iciach &#8211; Ko\u0161ick\u00e1 Paleta 2007:<br>3. miesto v kateg\u00f3rii &#8222;Insitn\u00e1 tvorba&#8220; v region\u00e1lnej s\u00fa\u0165a\u017ei<br>\u010cestn\u00e9 uznanie v krajskej s\u00fa\u0165a\u017ei neprofesion\u00e1lnej tvorbyKo\u0161ick\u00e1 Paleta 2008<br>Cena starostu Valal\u00edk &#8211; region\u00e1lna s\u00fa\u0165a\u017e<br>\u010cestn\u00e9 uznanie &#8211; Krajsk\u00e1 s\u00fa\u0165a\u017e<br>Ko\u0161ick\u00e1 paleta 2010<br>&#8211; \u010cestn\u00e9 uznanie &#8211; krajsk\u00e1 s\u00fa\u0165a\u017e<br>2013 &#8211; Cena obce \u010ce\u010dejovce<\/p>\n\n\n\n<h4 class=\"wp-block-heading\"><strong>Udalosti:<\/strong><\/h4>\n\n\n\n<p>T\u00fd\u017ede\u0148 umenia 2010 Nesvady &#8211; Medzin\u00e1rodn\u00e9 v\u00fdtvarn\u00e9 symp\u00f3zium<br>Odhalenie sochy &#8222;Pastier&#8220; v Re\u0161iciach d\u0148a 10. septembra 2010<br>\u010eakovn\u00fd list od starostu obce Re\u0161ica \u201eza jej ve\u013ekolep\u00fd skutok\u201d<br>Symp\u00f3zium rezb\u00e1rov 2011, Ruskov<br>I.ro\u010dn\u00edk Soch\u00e1rske symp\u00f3zium 2011, Jelenec<br>Odhalenie sochy &#8220; V matkinom n\u00e1ru\u010d\u00ed&#8220; v Re\u0161iciach d\u0148a 16. okt\u00f3bra 2011<br>Rezb\u00e1rsky plen\u00e9r pri gez\u00edri 2011, Her\u013eany<br>2012- Medzin\u00e1rodn\u00e9 stretnutie v\u00fdtvarn\u00fdch umelcov, \u010ce\u010dejovce<br>\u010ce\u010dejovce, 2012.09.22 &#8211; Odhalenie s\u00f4ch uhorsk\u00fdch kr\u00e1lov &#8222;K\u00e1roly R\u00f3ber a Nagy Lajos&#8220;<br>2012 &#8211; Medzin\u00e1rodn\u00e9 stretnutie maliarov a soch\u00e1rov, Dudince-Hokovce<br>2013 &#8211; sympozium soch\u00e1rov, Rozhanovce<br>Ve\u013ek\u00e1 Ida, 2013.09.21 &#8211; odhalenie pam\u00e4tnej stlpy na 60. v\u00fdro\u0161ie vzniku po\u013eovnick\u00e9ho zv\u00e4zu JASTRAB<br>Odhalenie sochy &#8211; &#8222;Pustovn\u00edk&#8220;, 23. august 2014 &#8211; \u010ce\u010dejovce<br>2014 &#8211; Symp\u00f3zium soch\u00e1rov &#8211; Jablonov nad Tur\u0148ou<br>2015 &#8211; Medzin\u00e1rodn\u00e9 symp\u00f3zium maliarov a soch\u00e1rov, Dudince &#8211; Hokovce<br>2016 &#8211; Medzin\u00e1rodn\u00e9 sympozium maliarov a soch\u00e1rov, Dudince &#8211; Hokovce<br>2018 &#8211; Medzin\u00e1rodn\u00e9 sympozium maliarov a soch\u00e1rov, Dudince &#8211; Hokovce<br>2019 &#8211; Medzin\u00e1rodn\u00e9 sympozium maliarov a soch\u00e1rov, Dudince &#8211; Hokovce<br>Odhalenie sochy, 24. august 2019, \u010ce\u010dejovce &#8211; &#8222;Pam\u00e4tn\u00fd st\u013ep&#8220;<\/p>\n","protected":false},"excerpt":{"rendered":"<p>Moje diela boli prezentovan\u00e9: 2005 &#8211; Burza staro\u017eitnost\u00ed v \u010ce\u010dejovskom ka\u0161tieli2005 &#8211; S\u00fa\u0165a\u017e Dedina roka 2005 \u2013 reprezentacia obce \u010ce\u010dejovce2006 &#8211; Spolo\u010dn\u00e1 v\u00fdstava v \u010ce\u010dejovciach2006 &#8211; Remeseln\u00edcky t\u00e1bor \u2013 Krasnohorsk\u00e1 Dlh\u00e1 L\u00faka2007 &#8211; Mestsk\u00e9 kult\u00farne stredisko v Moldave nad Bodvou &#8211; ako hos\u01652007 &#8211; V\u00fdstava &#8211; H\u00eddv\u00e9gard\u00f3 &#8211; Ma\u010farsko2007 &#8211; Kr\u00e1snohorsk\u00e1 Dlh\u00e1 L\u00faka2007 &#8211; \u010ce\u010dejovsk\u00e9&#8230;<\/p>\n","protected":false},"author":1,"featured_media":0,"parent":0,"menu_order":0,"comment_status":"closed","ping_status":"closed","template":"","meta":{"footnotes":""},"class_list":["post-26","page","type-page","status-publish","hentry"],"_links":{"self":[{"href":"https:\/\/rezbarka.sk\/index.php?rest_route=\/wp\/v2\/pages\/26","targetHints":{"allow":["GET"]}}],"collection":[{"href":"https:\/\/rezbarka.sk\/index.php?rest_route=\/wp\/v2\/pages"}],"about":[{"href":"https:\/\/rezbarka.sk\/index.php?rest_route=\/wp\/v2\/types\/page"}],"author":[{"embeddable":true,"href":"https:\/\/rezbarka.sk\/index.php?rest_route=\/wp\/v2\/users\/1"}],"replies":[{"embeddable":true,"href":"https:\/\/rezbarka.sk\/index.php?rest_route=%2Fwp%2Fv2%2Fcomments&post=26"}],"version-history":[{"count":5,"href":"https:\/\/rezbarka.sk\/index.php?rest_route=\/wp\/v2\/pages\/26\/revisions"}],"predecessor-version":[{"id":214,"href":"https:\/\/rezbarka.sk\/index.php?rest_route=\/wp\/v2\/pages\/26\/revisions\/214"}],"wp:attachment":[{"href":"https:\/\/rezbarka.sk\/index.php?rest_route=%2Fwp%2Fv2%2Fmedia&parent=26"}],"curies":[{"name":"wp","href":"https:\/\/api.w.org\/{rel}","templated":true}]}}