{"id":250,"date":"2026-03-12T10:27:51","date_gmt":"2026-03-12T09:27:51","guid":{"rendered":"https:\/\/rezbarka.sk\/?page_id=250"},"modified":"2026-03-12T10:27:53","modified_gmt":"2026-03-12T09:27:53","slug":"kiallitasok","status":"publish","type":"page","link":"https:\/\/rezbarka.sk\/?page_id=250&lang=hu","title":{"rendered":"Ki\u00e1ll\u00edt\u00e1sok"},"content":{"rendered":"\n<p><em>Farag\u00e1saim l\u00e1that\u00f3k voltak:<br>2005 &#8211; V\u00e1s\u00e1r a Cs\u00e9cs-i kast\u00e9lyban<br>2005 &#8211; Az \u00e9v faluja 2005 &#8211; Cs\u00e9cs k\u00f6zs\u00e9g k\u00e9pvisel\u00e9se<br>2006 &#8211; Cs\u00e9cs &#8211; k\u00f6z\u00f6s ki\u00e1ll\u00edt\u00e1s<br>2006 &#8211; V\u00e1rhossz\u00far\u00e9t &#8211; K\u00e9zm\u0171vest\u00e1bor<br>2007 &#8211; Szepsi V\u00e1rosi M\u0171vel\u0151d\u00e9si K\u00f6zpont &#8211; mint vend\u00e9g<br>2007 &#8211; H\u00eddv\u00e9gard\u00f3 &#8211; Magyarorsz\u00e1g<br>2007 &#8211; V\u00e1rhossz\u00far\u00e9t &#8211; K\u00e9zm\u0171vest\u00e1bor<br>2007 &#8211; Cs\u00e9csi napok<br>2008 &#8211; KOS &#8211; Kassa \u201dN\u0151i ki\u00e1ll\u00edt\u00f3k\u201d<br>2008 &#8211; Szepsi &#8211; Inf\u00f3centrum \u201dInkub\u00e1tor\u201d<br>2008 &#8211; V\u00e1rhossz\u00far\u00e9t &#8211; K\u00e9zm\u0171vest\u00e1bor<br>2009 &#8211; KOS &#8211; Kassa \u201dN\u0151i ki\u00e1ll\u00edt\u00f3k\u201d<br>2009 &#8211; Megyeh\u00e1za gal\u00e9ria Miskolc, Magyarorsz\u00e1g<br>2009 &#8211; Torna &#8211; Inf\u00f3centrum<br>2009 &#8211; G\u00f6m\u00f6ri k\u00e9zm\u0171vesek ki\u00e1ll\u00edt\u00e1sa &#8211; Tisza\u00fajv\u00e1ros, Magyarorsz\u00e1g<br>2009 &#8211; Nemzetk\u00f6zi Betlehemi tal\u00e1lkoz\u00f3 &#8211; J\u00e1nok<br>2010 &#8211; KOS &#8211; Kassa \u201dN\u0151i ki\u00e1ll\u00edt\u00f3k\u201d<br>2010 &#8211; B\u00f3dva &#8211; v\u00f6lgyi \u00e9s \u00c9rchegys\u00e9gi k\u00e9zm\u0171vesek alkot\u00e1sainak ki\u00e1l\u00edt\u00e1sa &#8211; Kam\u00e1r\u00f3c, Encs, P\u00e1ny, Popro\u010d<br>2010 &#8211; P\u00e1nyi napok<br>2010 &#8211; G\u00f6m\u00f6ri k\u00e9zm\u0171vesek ki\u00e1ll\u00edt\u00e1sa &#8211; Torna<br>2010 &#8211; Szepsi Infocentrum &#8222;Incub\u00e1tor&#8220;<br>2010 &#8211; Ur\u00e1nia nemzeti filmsz\u00ednh\u00e1z Budapest, Magyarorsz\u00e1g<br>2010 &#8211; Jubileumi ki\u00e1ll\u00edt\u00e1s sz\u00fcl\u0151falumban &#8211; Reste<br>2010 &#8211; G\u00f6m\u00f6ri K\u00e9zm\u0171vesek T\u00e1rsul\u00e1s\u00e1nak ki\u00e1ll\u00edt\u00e1sa Kazincbarcika &#8211; Magyarorsz\u00e1g<br>2011 &#8211; \u00d6n\u00e1ll\u00f3 ki\u00e1ll\u00edt\u00e1s \u2013 S\u00e1toralja\u00fajhely Kosuth Lajos M\u0171vel\u0151d\u00e9si k\u00f6zpont, Magyarorsz\u00e1g<br>2011 &#8211; G\u00f6m\u00f6ri k\u00e9zm\u0171vesek T\u00e1rsul\u00e1s\u00e1nak ki\u00e1ll\u00edt\u00e1sa, Budapest &#8211; Pestszentl\u0151rinc , Magyarorsz\u00e1g<br>2011 &#8211; Eur\u00f3pa a polg\u00e1rok\u00e9rt, Als\u00f3ny\u00e9k, Magyarorsz\u00e1g<br>2011 &#8211; Eur\u00f3pa a polg\u00e1rok\u00e9rt, Vinice \/Ipolyny\u00e9k\/<br>2011 &#8211; G\u00f6m\u00f6ri k\u00e9zm\u0171vesek T\u00e1rsul\u00e1s\u00e1nak ki\u00e1ll\u00edt\u00e1sa &#8211; Ibr\u00e1ny, Magyarorsz\u00e1g<br>\u00d6n\u00e1ll\u00f3 ki\u00e1ll\u00edt\u00e1s 2011 a S\u00e1toralja\u00fajhelyi Kossuth Lajos M\u0171vel\u0151d\u00e9si K\u00f6zpont Zempl\u00e9n Gal\u00e9ri\u00e1j\u00e1ban, Magyarorsz\u00e1g<br>2012 &#8211; G\u00f6m\u00f6ri k\u00e9zm\u0171vesek ki\u00e1ll\u00edt\u00e1sa, Kisgy\u0151r &#8211; Magyarorsz\u00e1g<br>2012 &#8211; Kassai m\u0171vel\u0151d\u00e9si k\u00f6zpont &#8220; N\u0151i ki\u00e1ll\u00edt\u00f3k&#8220;<br>2012 &#8211; Ki\u00e1ll\u00edt\u00e1s Miskolcon az \u00f6sszetatoz\u00e1s napja alkalm\u00e1b\u00f3l<br>2012 &#8211; G\u00f6m\u00f6ri k\u00e9zm\u0171vesek t\u00e1rsul\u00e1s\u00e1nak ki\u00e1ll\u00edt\u00e1sa, T\u00e1llya &#8211; Magyarorsz\u00e1g<br>2013 &#8211; Szoborki\u00e1ll\u00edt\u00e1s Cs\u00e9cs<br>2013 &#8211; G\u00f6m\u00f6ri K\u00e9zm\u0171vesek ki\u00e1ll\u00edt\u00e1sa &#8211; Miskolc, Magyarorsz\u00e1g<br>2014 &#8211; G\u00f6m\u00f6ri K\u00e9zm\u0171vesek ki\u00e1ll\u00edt\u00e1sa &#8211; Szepsi<br>2015 &#8211; \u00d6n\u00e1ll\u00f3 ki\u00e1ll\u00edt\u00e1s &#8211; Tradici\u00f3k h\u00e1za, Rozsny\u00f3<br>2017 &#8211; Ments\u00fck meg a r\u00e9gi mesters\u00e9geket a visegr\u00e1di n\u00e9gyek orsz\u00e1gaiban &#8211; ki\u00e1ll\u00edt\u00e1s Rozsny\u00f3<br>2020 &#8211; \u00d6n\u00e1ll\u00f3 jubileumi ki\u00e1ll\u00edt\u00e1s &#8220; F\u00e1b\u00f3l kifaragva&#8220; &#8211; Atrium club, Kassa<\/em><\/p>\n\n\n\n<p><em>D\u00edjak<\/em><\/p>\n\n\n\n<p><em> Ker\u00fcleti Kultur\u00e1lis K\u00f6zpont Kassa<br>Kassa-i Paleta 2007<br>&#8211; 3. hely a nem professzion\u00e1lis alkot\u00f3k csoportj\u00e1ban a j\u00e1r\u00e1si versenyen<br>&#8211; elismer\u0151 oklev\u00e9l a ker\u00fcleti versenyen<br>Kassa-i Paleta 2008<br>&#8211; Valaliky polg\u00e1rmester\u00e9nek a d\u00edja a j\u00e1r\u00e1si versenyen<br>&#8211; elismer\u0151 oklev\u00e9l a ker\u00fcleti versenyen<br>Kassa-i Paleta 2010<br>&#8211; elismer\u0151 oklev\u00e9l a ker\u00fcleti versenyen<br>2013 &#8211; Cs\u00e9cs falu d\u00edja<\/em><\/p>\n\n\n\n<p><em>Esem\u00e9nyek M\u0171v\u00e9szetek Hete 2010 Naszvad &#8211; Nemzetk\u00f6zi alkot\u00f3t\u00e1bor<br>Szoboravat\u00e1s 2010, szeptember 10, Rest\u00e9n a &#8222;Cifrasz\u0171r\u0171 juh\u00e1sz&#8220;<br>K\u00f6sz\u00f6n\u0151lev\u00e9l Reste polg\u00e1rmester\u00e9t\u0151l \u201e a nagylelk\u0171s\u00e9g\u00e9\u00e9rt\u201d<br>Farag\u00f3t\u00e1bor 2011, Ruskov<br>Nemzetk\u00f6zi szobr\u00e1sz t\u00e1bor, 2011, Jelenec \/Gimes\/<br>Szobor\u00e1ll\u00edt\u00e1s 2011. okt\u00f3ber, Rest\u00e9n az &#8222;Any\u00e1m kebel\u00e9n&#8220;<br>Farag\u00f3t\u00e1bor a gejz\u00edr mellett, 2011 Herlany \/R\u00e1nkf\u00fcred\/<br>2012 &#8211; Nemzetk\u00f6zi alkot\u00f3t\u00e1bor , Cs\u00e9cs<br>Szoboravat\u00e1s 2012.09.22 Cs\u00e9cs, &#8222;K\u00e1roly R\u00f3bert \u00e9s Nagy Lajos kir\u00e1lyok szobrai&#8220;<br>2012 &#8211; Nemzetk\u00f6zi alkot\u00f3t\u00e1bor, Dudince-Hokovce<br>2013 &#8211; Alkot\u00f3t\u00e1bor &#8211; Rozhanovce \/Rozgony\/<br>Nagyida, 2013.09.21 &#8211; eml\u00e9koszlop fel\u00e1ll\u00edt\u00e1sa a vad\u00e1szt\u00e1rsas\u00e1g megalakul\u00e1s\u00e1nak 60. \u00e9vfordul\u00f3ja alkalm\u00e1b\u00f3l<br>Szobor\u00e1ll\u00edt\u00e1s 2014, augusztus 23, Cs\u00e9cs, &#8220; Cs\u00e9csi v\u00e1ndor&#8220;<br>2014 Alkot\u00f3t\u00e1bor &#8211; Sz\u00e1dalm\u00e1s<br>2015 &#8211; Nemzetk\u00f6zi fest\u0151 \u00e9s szobr\u00e1sz alkot\u00f3t\u00e1bor, Dudince &#8211; Hokovce (Egeg)<br>2016 &#8211; Nemzetk\u00f6zi fest\u0151 \u00e9s szobr\u00e1sz alkot\u00f3t\u00e1bor Dudince &#8211; Hokovce (Egeg)<br>2018 &#8211; Nemzetk\u00f6zi fest\u0151 \u00e9s szobr\u00e1sz alkot\u00f3t\u00e1bor Dudince &#8211; Hokovce (Egeg)<br>2019 &#8211; Nemzetk\u00f6zi fest\u0151 \u00e9s szobr\u00e1sz alkot\u00f3t\u00e1bor Dudince &#8211; Hokovce (Egeg)<br>Szobor\u00e1ll\u00edt\u00e1s 2019, augusztus 24, Cs\u00e9cs &#8211; &#8222;Eml\u00e9koszlop&#8220;<br><\/em><\/p>\n","protected":false},"excerpt":{"rendered":"<p>Farag\u00e1saim l\u00e1that\u00f3k voltak:2005 &#8211; V\u00e1s\u00e1r a Cs\u00e9cs-i kast\u00e9lyban2005 &#8211; Az \u00e9v faluja 2005 &#8211; Cs\u00e9cs k\u00f6zs\u00e9g k\u00e9pvisel\u00e9se2006 &#8211; Cs\u00e9cs &#8211; k\u00f6z\u00f6s ki\u00e1ll\u00edt\u00e1s2006 &#8211; V\u00e1rhossz\u00far\u00e9t &#8211; K\u00e9zm\u0171vest\u00e1bor2007 &#8211; Szepsi V\u00e1rosi M\u0171vel\u0151d\u00e9si K\u00f6zpont &#8211; mint vend\u00e9g2007 &#8211; H\u00eddv\u00e9gard\u00f3 &#8211; Magyarorsz\u00e1g2007 &#8211; V\u00e1rhossz\u00far\u00e9t &#8211; K\u00e9zm\u0171vest\u00e1bor2007 &#8211; Cs\u00e9csi napok2008 &#8211; KOS &#8211; Kassa \u201dN\u0151i ki\u00e1ll\u00edt\u00f3k\u201d2008 &#8211; Szepsi &#8211; Inf\u00f3centrum&#8230;<\/p>\n","protected":false},"author":1,"featured_media":0,"parent":0,"menu_order":0,"comment_status":"closed","ping_status":"closed","template":"","meta":{"footnotes":""},"class_list":["post-250","page","type-page","status-publish","hentry"],"_links":{"self":[{"href":"https:\/\/rezbarka.sk\/index.php?rest_route=\/wp\/v2\/pages\/250","targetHints":{"allow":["GET"]}}],"collection":[{"href":"https:\/\/rezbarka.sk\/index.php?rest_route=\/wp\/v2\/pages"}],"about":[{"href":"https:\/\/rezbarka.sk\/index.php?rest_route=\/wp\/v2\/types\/page"}],"author":[{"embeddable":true,"href":"https:\/\/rezbarka.sk\/index.php?rest_route=\/wp\/v2\/users\/1"}],"replies":[{"embeddable":true,"href":"https:\/\/rezbarka.sk\/index.php?rest_route=%2Fwp%2Fv2%2Fcomments&post=250"}],"version-history":[{"count":1,"href":"https:\/\/rezbarka.sk\/index.php?rest_route=\/wp\/v2\/pages\/250\/revisions"}],"predecessor-version":[{"id":251,"href":"https:\/\/rezbarka.sk\/index.php?rest_route=\/wp\/v2\/pages\/250\/revisions\/251"}],"wp:attachment":[{"href":"https:\/\/rezbarka.sk\/index.php?rest_route=%2Fwp%2Fv2%2Fmedia&parent=250"}],"curies":[{"name":"wp","href":"https:\/\/api.w.org\/{rel}","templated":true}]}}