{"id":226,"date":"2026-03-12T09:18:36","date_gmt":"2026-03-12T08:18:36","guid":{"rendered":"https:\/\/rezbarka.sk\/?page_id=226"},"modified":"2026-03-12T09:31:54","modified_gmt":"2026-03-12T08:31:54","slug":"rolam","status":"publish","type":"page","link":"https:\/\/rezbarka.sk\/?page_id=226&lang=hu","title":{"rendered":"R\u00f3lam"},"content":{"rendered":"\n<p><em>M\u00e1r gyermekkoromban vonzalmat \u00e9reztem a szobr\u00e1szat ir\u00e1nt, tal\u00e1n az\u00e9rt is, mert az els\u0151 bab\u00e1m egy faszobor volt, amit \u00e9desap\u00e1m k\u00e9sz\u00edtett nek\u00fcnk l\u00e1nytestv\u00e9reknek. Azonk\u00edv\u00fcl lehet\u0151s\u00e9gem volt t\u00f6bbsz\u00f6r ell\u00e1togatni L\u00f6ffler B\u00e9la Kassa-i szobr\u00e1sz alkot\u00f3m\u0171hely\u00e9be, aki a csal\u00e1dunk bar\u00e1tja volt \u00e9s ahol k\u00f6zelebbr\u0151l is megismerkedtem B\u00e9la b\u00e1csi munk\u00e1ss\u00e1g\u00e1val. Az \u0151 szobr\u00e1szm\u0171vei is v\u00e1gyat \u00e9bresztettek bennem, hogy egyszer majd \u00e9n is szobr\u00e1szattal fogok foglalkozni.<br>Az els\u0151 eredm\u00e9nyeket m\u00e9gis 50 \u00e9ves koromban \u00e9rtem el, amikor a fiam megaj\u00e1nd\u00e9kozott egy farag\u00f3k\u00e9szlettel. F\u0151leg szobrokat \u00e9s domborm\u0171veket k\u00e9sz\u00edtek. Az els\u0151 k\u00fclt\u00e9ri szobrom a sz\u00fcl\u0151falumban Rest\u00e9n van fel\u00e1ll\u00edtva.<br>2006- t\u00f3l tagja vagyok a G\u00f6m\u00f6ri K\u00e9zm\u0171vesek T\u00e1rsul\u00e1s\u00e1nak.<br><\/em><\/p>\n","protected":false},"excerpt":{"rendered":"<p>M\u00e1r gyermekkoromban vonzalmat \u00e9reztem a szobr\u00e1szat ir\u00e1nt, tal\u00e1n az\u00e9rt is, mert az els\u0151 bab\u00e1m egy faszobor volt, amit \u00e9desap\u00e1m k\u00e9sz\u00edtett nek\u00fcnk l\u00e1nytestv\u00e9reknek. Azonk\u00edv\u00fcl lehet\u0151s\u00e9gem volt t\u00f6bbsz\u00f6r ell\u00e1togatni L\u00f6ffler B\u00e9la Kassa-i szobr\u00e1sz alkot\u00f3m\u0171hely\u00e9be, aki a csal\u00e1dunk bar\u00e1tja volt \u00e9s ahol k\u00f6zelebbr\u0151l is megismerkedtem B\u00e9la b\u00e1csi munk\u00e1ss\u00e1g\u00e1val. Az \u0151 szobr\u00e1szm\u0171vei is v\u00e1gyat \u00e9bresztettek bennem, hogy egyszer majd&#8230;<\/p>\n","protected":false},"author":1,"featured_media":0,"parent":0,"menu_order":0,"comment_status":"closed","ping_status":"closed","template":"","meta":{"footnotes":""},"class_list":["post-226","page","type-page","status-publish","hentry"],"_links":{"self":[{"href":"https:\/\/rezbarka.sk\/index.php?rest_route=\/wp\/v2\/pages\/226","targetHints":{"allow":["GET"]}}],"collection":[{"href":"https:\/\/rezbarka.sk\/index.php?rest_route=\/wp\/v2\/pages"}],"about":[{"href":"https:\/\/rezbarka.sk\/index.php?rest_route=\/wp\/v2\/types\/page"}],"author":[{"embeddable":true,"href":"https:\/\/rezbarka.sk\/index.php?rest_route=\/wp\/v2\/users\/1"}],"replies":[{"embeddable":true,"href":"https:\/\/rezbarka.sk\/index.php?rest_route=%2Fwp%2Fv2%2Fcomments&post=226"}],"version-history":[{"count":2,"href":"https:\/\/rezbarka.sk\/index.php?rest_route=\/wp\/v2\/pages\/226\/revisions"}],"predecessor-version":[{"id":230,"href":"https:\/\/rezbarka.sk\/index.php?rest_route=\/wp\/v2\/pages\/226\/revisions\/230"}],"wp:attachment":[{"href":"https:\/\/rezbarka.sk\/index.php?rest_route=%2Fwp%2Fv2%2Fmedia&parent=226"}],"curies":[{"name":"wp","href":"https:\/\/api.w.org\/{rel}","templated":true}]}}