{"id":16,"date":"2026-03-11T14:41:35","date_gmt":"2026-03-11T13:41:35","guid":{"rendered":"https:\/\/rezbarka.sk\/?page_id=16"},"modified":"2026-03-12T09:04:59","modified_gmt":"2026-03-12T08:04:59","slug":"o-mne","status":"publish","type":"page","link":"https:\/\/rezbarka.sk\/","title":{"rendered":"O mne"},"content":{"rendered":"\n<p><em>U\u017e v detstve som c\u00edtila t\u00fa\u017ebu tvori\u0165 a venova\u0165 sa soch\u00e1rskemu umeniu mo\u017eno aj preto, lebo moja prv\u00e1 b\u00e1bika bola dreven\u00e1 so\u0161ka, ktor\u00fa urobil n\u00e1\u0161 otec mne a mojej sestre. Mimo toho som mala mo\u017enos\u0165 nav\u0161tevova\u0165 ateli\u00e9r zn\u00e1meho ko\u0161ick\u00e9ho umelca Vojtecha L\u00f6fflera, kde som sa bli\u017e\u0161ie zoznamovala s jeho soch\u00e1rskou tvorbou. Aj jeho diela vo mne podnietili t\u00fa\u017ebu venova\u0165 sa soch\u00e1rskemu umeniu.<br>Prv\u00e9 pr\u00e1ce v\u0161ak pri\u0161li na rad ove\u013ea nesk\u00f4r. Na moje p\u00e4\u0165desiate narodeniny mi m\u00f4j syn daroval rezb\u00e1rsku s\u00fapravu. Vo vo\u013enom \u010dase som vytvorila viacero soch\u00e1rskych pr\u00e1c. Zameriavam sa najm\u00e4 na sochy a reliefy. Moja prv\u00e1 exteri\u00e9rov\u00e1 socha je vystaven\u00e1 v rodnej dedine Re\u0161ici.<br>V roku 2006 som sa stala \u010dlenkou Zdru\u017eenia Gemersk\u00fdch Remeseln\u00edkov.<\/em><\/p>\n","protected":false},"excerpt":{"rendered":"<p>U\u017e v detstve som c\u00edtila t\u00fa\u017ebu tvori\u0165 a venova\u0165 sa soch\u00e1rskemu umeniu mo\u017eno aj preto, lebo moja prv\u00e1 b\u00e1bika bola dreven\u00e1 so\u0161ka, ktor\u00fa urobil n\u00e1\u0161 otec mne a mojej sestre. Mimo toho som mala mo\u017enos\u0165 nav\u0161tevova\u0165 ateli\u00e9r zn\u00e1meho ko\u0161ick\u00e9ho umelca Vojtecha L\u00f6fflera, kde som sa bli\u017e\u0161ie zoznamovala s jeho soch\u00e1rskou tvorbou. Aj jeho diela vo&#8230;<\/p>\n","protected":false},"author":1,"featured_media":0,"parent":0,"menu_order":0,"comment_status":"closed","ping_status":"closed","template":"","meta":{"footnotes":""},"class_list":["post-16","page","type-page","status-publish","hentry"],"_links":{"self":[{"href":"https:\/\/rezbarka.sk\/index.php?rest_route=\/wp\/v2\/pages\/16","targetHints":{"allow":["GET"]}}],"collection":[{"href":"https:\/\/rezbarka.sk\/index.php?rest_route=\/wp\/v2\/pages"}],"about":[{"href":"https:\/\/rezbarka.sk\/index.php?rest_route=\/wp\/v2\/types\/page"}],"author":[{"embeddable":true,"href":"https:\/\/rezbarka.sk\/index.php?rest_route=\/wp\/v2\/users\/1"}],"replies":[{"embeddable":true,"href":"https:\/\/rezbarka.sk\/index.php?rest_route=%2Fwp%2Fv2%2Fcomments&post=16"}],"version-history":[{"count":2,"href":"https:\/\/rezbarka.sk\/index.php?rest_route=\/wp\/v2\/pages\/16\/revisions"}],"predecessor-version":[{"id":44,"href":"https:\/\/rezbarka.sk\/index.php?rest_route=\/wp\/v2\/pages\/16\/revisions\/44"}],"wp:attachment":[{"href":"https:\/\/rezbarka.sk\/index.php?rest_route=%2Fwp%2Fv2%2Fmedia&parent=16"}],"curies":[{"name":"wp","href":"https:\/\/api.w.org\/{rel}","templated":true}]}}